{"id":376,"date":"2015-10-21T12:52:39","date_gmt":"2015-10-21T11:52:39","guid":{"rendered":"https:\/\/startit.qodeinteractive.com\/?page_id=376"},"modified":"2021-05-18T03:16:49","modified_gmt":"2021-05-18T03:16:49","slug":"open-comex","status":"publish","type":"page","link":"https:\/\/open-eb.co\/index.php\/open-comex\/","title":{"rendered":"openCOMEX"},"content":{"rendered":"<p>[vc_row content_width=\u00bbgrid\u00bb content_aligment=\u00bbcenter\u00bb css=\u00bb.vc_custom_1445435073706{padding-top: 58px !important;padding-bottom: 67px !important;}\u00bb][vc_column][vc_column_text]<\/p>\n<h3><span style=\"font-weight: normal;\"> \u00bfUsted quiere mejorar los tiempos actuales de agenciamiento aduanero, de facturaci\u00f3n y entrega de mercanc\u00edas en las operaciones de comercio exterior, y que sus clientes sientan, perciban y puedan medir esta agilidad y oportunidad?<\/span><\/h3>\n<p>[\/vc_column_text][vc_empty_space height=\u00bb20px\u00bb][vc_column_text][\/vc_column_text][\/vc_column][\/vc_row][vc_row content_width=\u00bbgrid\u00bb content_aligment=\u00bbcenter\u00bb css=\u00bb.vc_custom_1446113498376{padding-bottom: 42px !important;}\u00bb][vc_column width=\u00bb1\/3&#8243;]<div class=\"qodef-elements-holder qodef-responsive-mode-768\" ><div class=\"qodef-elements-holder-item qodef-vertical-alignment-middle qodef-horizontal-alignment-left qodef-grow-in\" style=\"transition-delay:300ms;-webkit-transition-delay:300ms\">\n\t<div class=\"qodef-elements-holder-item-inner\">\n\t\t<div class=\"qodef-elements-holder-item-content qodef-elements-holder-custom-668420\" style=\"padding: 0 0 0 0\">\n\t\t\t\t\t\t[vc_single_image image=\u00bb6191&#8243; img_size=\u00bbfull\u00bb alignment=\u00bbcenter\u00bb onclick=\u00bbcustom_link\u00bb link=\u00bbhttps:\/\/open-eb.co\/index.php\/modulos-aduaneros\/\u00bb]\t\t<\/div>\n\t<\/div>\n<\/div><\/div>[vc_empty_space][vc_column_text]<\/p>\n<h5>M\u00f3dulos Aduaneros<\/h5>\n<p>[\/vc_column_text][vc_column_text]<span style=\"font-weight: 400;\">M\u00f3dulo Importaciones, Exportaciones, Registros de Importaci\u00f3n, Tr\u00e1nsitos Aduaneros.<\/span>[\/vc_column_text][vc_empty_space height=\u00bb16px\u00bb][\/vc_column][vc_column width=\u00bb1\/3&#8243;]<div class=\"qodef-elements-holder qodef-responsive-mode-768\" ><div class=\"qodef-elements-holder-item qodef-vertical-alignment-middle qodef-horizontal-alignment-left qodef-grow-in\" style=\"transition-delay:300ms;-webkit-transition-delay:300ms\">\n\t<div class=\"qodef-elements-holder-item-inner\">\n\t\t<div class=\"qodef-elements-holder-item-content qodef-elements-holder-custom-693585\" style=\"padding: 0 0 0 0\">\n\t\t\t\t\t\t[vc_single_image image=\u00bb6193&#8243; img_size=\u00bbfull\u00bb alignment=\u00bbcenter\u00bb onclick=\u00bbcustom_link\u00bb link=\u00bbhttps:\/\/open-eb.co\/index.php\/modulos-regimenes-especiales\/\u00bb]\t\t<\/div>\n\t<\/div>\n<\/div><\/div>[vc_empty_space][vc_column_text]<\/p>\n<h5>M\u00f3dulos Reg\u00edmenes Especiales<\/h5>\n<p>[\/vc_column_text][vc_column_text]<span style=\"font-weight: 400;\">Control de Temporales, Transformaci\u00f3n y Ensamble, DIM-E (Zona Franca).<\/span>[\/vc_column_text][vc_empty_space height=\u00bb16px\u00bb][\/vc_column][vc_column width=\u00bb1\/3&#8243;]<div class=\"qodef-elements-holder qodef-responsive-mode-768\" ><div class=\"qodef-elements-holder-item qodef-vertical-alignment-middle qodef-horizontal-alignment-left qodef-grow-in\" style=\"transition-delay:300ms;-webkit-transition-delay:300ms\">\n\t<div class=\"qodef-elements-holder-item-inner\">\n\t\t<div class=\"qodef-elements-holder-item-content qodef-elements-holder-custom-852176\" style=\"padding: 0 0 0 0\">\n\t\t\t\t\t\t[vc_single_image image=\u00bb6189&#8243; img_size=\u00bbfull\u00bb alignment=\u00bbcenter\u00bb onclick=\u00bbcustom_link\u00bb link=\u00bbhttps:\/\/open-eb.co\/index.php\/modulos-administrativos-y-de-control\/\u00bb]\t\t<\/div>\n\t<\/div>\n<\/div><\/div>[vc_empty_space][vc_column_text]<\/p>\n<h5>M\u00f3dulos Administrativos y de Control<\/h5>\n<p>[\/vc_column_text][vc_column_text]<span style=\"font-weight: 400;\">Financiero, Prevalidador, Alertas de Vencimiento, Indicadores de Gesti\u00f3n, WorkFlow, Tracking Clientes.<\/span>[\/vc_column_text][vc_empty_space height=\u00bb16px\u00bb][\/vc_column][\/vc_row]<\/p>\n","protected":false},"excerpt":{"rendered":"<p>[vc_row content_width=\u00bbgrid\u00bb content_aligment=\u00bbcenter\u00bb css=\u00bb.vc_custom_1445435073706{padding-top: 58px !important;padding-bottom: 67px !important;}\u00bb][vc_column][vc_column_text] \u00bfUsted quiere mejorar los tiempos actuales de agenciamiento aduanero, de facturaci\u00f3n y entrega&#8230;<\/p>\n","protected":false},"author":1,"featured_media":0,"parent":0,"menu_order":0,"comment_status":"closed","ping_status":"closed","template":"full-width.php","meta":[],"yoast_head":"<!-- This site is optimized with the Yoast SEO Premium plugin v15.2.1 - https:\/\/yoast.com\/wordpress\/plugins\/seo\/ -->\n<title>OPEN COMEX<\/title>\n<meta name=\"description\" content=\"\u00bfUsted quiere mejorar los tiempos actuales de agenciamiento aduanero, de facturaci\u00f3n y entrega de mercanc\u00edas en las operaciones de comercio exterior, y que sus clientes sientan, perciban y puedan medir esta agilidad y oportunidad?\" \/>\n<meta name=\"robots\" content=\"index, follow, max-snippet:-1, max-image-preview:large, max-video-preview:-1\" \/>\n<link rel=\"canonical\" href=\"https:\/\/open-eb.co\/index.php\/open-comex\/\" \/>\n<meta property=\"og:locale\" content=\"es_ES\" \/>\n<meta property=\"og:type\" content=\"article\" \/>\n<meta property=\"og:title\" content=\"OPEN COMEX\" \/>\n<meta property=\"og:description\" content=\"\u00bfUsted quiere mejorar los tiempos actuales de agenciamiento aduanero, de facturaci\u00f3n y entrega de mercanc\u00edas en las operaciones de comercio exterior, y que sus clientes sientan, perciban y puedan medir esta agilidad y oportunidad?\" \/>\n<meta property=\"og:url\" content=\"https:\/\/open-eb.co\/index.php\/open-comex\/\" \/>\n<meta property=\"og:site_name\" content=\"Opentecnolog\u00eda\" \/>\n<meta property=\"article:publisher\" content=\"https:\/\/www.facebook.com\/opentecoficial\" \/>\n<meta property=\"article:modified_time\" content=\"2021-05-18T03:16:49+00:00\" \/>\n<meta property=\"og:image\" content=\"https:\/\/open-eb.co\/wp-content\/uploads\/2021\/05\/op-comex.jpg\" \/>\n\t<meta property=\"og:image:width\" content=\"1280\" \/>\n\t<meta property=\"og:image:height\" content=\"720\" \/>\n<meta name=\"twitter:card\" content=\"summary_large_image\" \/>\n<meta name=\"twitter:creator\" content=\"@OpenTecOficial\" \/>\n<meta name=\"twitter:site\" content=\"@OpenTecOficial\" \/>\n<meta name=\"twitter:label1\" content=\"Escrito por\">\n\t<meta name=\"twitter:data1\" content=\"admin\">\n\t<meta name=\"twitter:label2\" content=\"Tiempo de lectura\">\n\t<meta name=\"twitter:data2\" content=\"1 minuto\">\n<script type=\"application\/ld+json\" class=\"yoast-schema-graph\">{\"@context\":\"https:\/\/schema.org\",\"@graph\":[{\"@type\":\"Organization\",\"@id\":\"https:\/\/open-eb.co\/#organization\",\"name\":\"Open Tecnolog\\u00eda\",\"url\":\"https:\/\/open-eb.co\/\",\"sameAs\":[\"https:\/\/www.facebook.com\/opentecoficial\",\"https:\/\/www.instagram.com\/opentecnologia_\/\",\"https:\/\/www.youtube.com\/channel\/UCwMFj8DyKs5sK1qhzGS4sdA\",\"https:\/\/twitter.com\/OpenTecOficial\"],\"logo\":{\"@type\":\"ImageObject\",\"@id\":\"https:\/\/open-eb.co\/#logo\",\"inLanguage\":\"es\",\"url\":\"https:\/\/open-eb.co\/wp-content\/uploads\/2020\/09\/open.jpg\",\"width\":1280,\"height\":720,\"caption\":\"Open Tecnolog\\u00eda\"},\"image\":{\"@id\":\"https:\/\/open-eb.co\/#logo\"}},{\"@type\":\"WebSite\",\"@id\":\"https:\/\/open-eb.co\/#website\",\"url\":\"https:\/\/open-eb.co\/\",\"name\":\"Opentecnolog\\u00eda\",\"description\":\"Somos expertos en dise\\u00f1ar e implementar soluciones integrales y estructuradas de software sobre plataformas de \\u00faltima generaci\\u00f3n.\",\"publisher\":{\"@id\":\"https:\/\/open-eb.co\/#organization\"},\"potentialAction\":[{\"@type\":\"SearchAction\",\"target\":\"https:\/\/open-eb.co\/?s={search_term_string}\",\"query-input\":\"required name=search_term_string\"}],\"inLanguage\":\"es\"},{\"@type\":\"WebPage\",\"@id\":\"https:\/\/open-eb.co\/index.php\/open-comex\/#webpage\",\"url\":\"https:\/\/open-eb.co\/index.php\/open-comex\/\",\"name\":\"OPEN COMEX\",\"isPartOf\":{\"@id\":\"https:\/\/open-eb.co\/#website\"},\"datePublished\":\"2015-10-21T11:52:39+00:00\",\"dateModified\":\"2021-05-18T03:16:49+00:00\",\"description\":\"\\u00bfUsted quiere mejorar los tiempos actuales de agenciamiento aduanero, de facturaci\\u00f3n y entrega de mercanc\\u00edas en las operaciones de comercio exterior, y que sus clientes sientan, perciban y puedan medir esta agilidad y oportunidad?\",\"inLanguage\":\"es\",\"potentialAction\":[{\"@type\":\"ReadAction\",\"target\":[\"https:\/\/open-eb.co\/index.php\/open-comex\/\"]}]}]}<\/script>\n<!-- \/ Yoast SEO Premium plugin. -->","_links":{"self":[{"href":"https:\/\/open-eb.co\/index.php\/wp-json\/wp\/v2\/pages\/376"}],"collection":[{"href":"https:\/\/open-eb.co\/index.php\/wp-json\/wp\/v2\/pages"}],"about":[{"href":"https:\/\/open-eb.co\/index.php\/wp-json\/wp\/v2\/types\/page"}],"author":[{"embeddable":true,"href":"https:\/\/open-eb.co\/index.php\/wp-json\/wp\/v2\/users\/1"}],"replies":[{"embeddable":true,"href":"https:\/\/open-eb.co\/index.php\/wp-json\/wp\/v2\/comments?post=376"}],"version-history":[{"count":1,"href":"https:\/\/open-eb.co\/index.php\/wp-json\/wp\/v2\/pages\/376\/revisions"}],"predecessor-version":[{"id":6823,"href":"https:\/\/open-eb.co\/index.php\/wp-json\/wp\/v2\/pages\/376\/revisions\/6823"}],"wp:attachment":[{"href":"https:\/\/open-eb.co\/index.php\/wp-json\/wp\/v2\/media?parent=376"}],"curies":[{"name":"wp","href":"https:\/\/api.w.org\/{rel}","templated":true}]}}