{"id":6225,"date":"2020-08-10T15:56:47","date_gmt":"2020-08-10T15:56:47","guid":{"rendered":"https:\/\/open-eb.co\/?page_id=6225"},"modified":"2021-05-18T03:06:35","modified_gmt":"2021-05-18T03:06:35","slug":"open-bpo","status":"publish","type":"page","link":"https:\/\/open-eb.co\/index.php\/open-bpo\/","title":{"rendered":"openBPO"},"content":{"rendered":"<p>[vc_row content_width=\u00bbgrid\u00bb content_aligment=\u00bbcenter\u00bb css=\u00bb.vc_custom_1445435073706{padding-top: 58px !important;padding-bottom: 67px !important;}\u00bb][vc_column][vc_column_text]<\/p>\n<h3><span style=\"font-weight: normal;\">Concentre sus esfuerzos en analizar el proceso y deje en manos de una herramienta inteligente la digitaci\u00f3n de su informaci\u00f3n.\u00a0<\/span><\/h3>\n<p>[\/vc_column_text][vc_empty_space height=\u00bb20px\u00bb][vc_column_text][\/vc_column_text][\/vc_column][\/vc_row][vc_row content_width=\u00bbgrid\u00bb content_aligment=\u00bbcenter\u00bb css=\u00bb.vc_custom_1446113498376{padding-bottom: 42px !important;}\u00bb][vc_column width=\u00bb1\/3&#8243;]<div class=\"qodef-elements-holder qodef-responsive-mode-768\" ><div class=\"qodef-elements-holder-item qodef-vertical-alignment-middle qodef-horizontal-alignment-left qodef-grow-in\" style=\"transition-delay:300ms;-webkit-transition-delay:300ms\">\n\t<div class=\"qodef-elements-holder-item-inner\">\n\t\t<div class=\"qodef-elements-holder-item-content qodef-elements-holder-custom-990864\" style=\"padding: 0 0 0 0\">\n\t\t\t\t\t\t[vc_single_image image=\u00bb6303&#8243; img_size=\u00bbfull\u00bb alignment=\u00bbcenter\u00bb onclick=\u00bbcustom_link\u00bb link=\u00bbhttps:\/\/open-eb.co\/index.php\/automatizacion-factura-del-exterior\/\u00bb]\t\t<\/div>\n\t<\/div>\n<\/div><\/div>[vc_empty_space][vc_column_text]<\/p>\n<h5>Automatizaci\u00f3n Factura del Exterior<\/h5>\n<p>[\/vc_column_text][vc_column_text]<span style=\"font-weight: 400;\">Servicio mediante el cual se extrae la informaci\u00f3n de las facturas de proveedores del exterior, garantizando calidad en los datos, agilidad en el proceso, aplicaci\u00f3n de reglas de negocio y an\u00e1lisis de clasificaci\u00f3n arancelaria.<br \/>\n<\/span>[\/vc_column_text][vc_empty_space height=\u00bb16px\u00bb][\/vc_column][vc_column width=\u00bb1\/3&#8243;]<div class=\"qodef-elements-holder qodef-responsive-mode-768\" ><div class=\"qodef-elements-holder-item qodef-vertical-alignment-middle qodef-horizontal-alignment-left qodef-grow-in\" style=\"transition-delay:300ms;-webkit-transition-delay:300ms\">\n\t<div class=\"qodef-elements-holder-item-inner\">\n\t\t<div class=\"qodef-elements-holder-item-content qodef-elements-holder-custom-228354\" style=\"padding: 0 0 0 0\">\n\t\t\t\t\t\t[vc_single_image image=\u00bb6304&#8243; img_size=\u00bbfull\u00bb alignment=\u00bbcenter\u00bb onclick=\u00bbcustom_link\u00bb link=\u00bbhttps:\/\/open-eb.co\/index.php\/automatizacion-factura-local\/\u00bb]\t\t<\/div>\n\t<\/div>\n<\/div><\/div>[vc_empty_space][vc_column_text]<\/p>\n<h5>Automatizaci\u00f3n Factura Local<\/h5>\n<p>[\/vc_column_text][vc_column_text]<span style=\"font-weight: 400;\">Servicio mediante el cual se extrae la informaci\u00f3n de las facturas de los proveedores locales (terceros), garantizando calidad en los datos, agilidad en el proceso, aplicaci\u00f3n de reglas de negocio y entregando el comprobante contable (causaci\u00f3n autom\u00e1tica de terceros) ya elaborado en openComex.<br \/>\n<\/span>[\/vc_column_text][vc_empty_space height=\u00bb16px\u00bb][\/vc_column][vc_column width=\u00bb1\/3&#8243;]<div class=\"qodef-elements-holder qodef-responsive-mode-768\" ><div class=\"qodef-elements-holder-item qodef-vertical-alignment-middle qodef-horizontal-alignment-left qodef-grow-in\" style=\"transition-delay:300ms;-webkit-transition-delay:300ms\">\n\t<div class=\"qodef-elements-holder-item-inner\">\n\t\t<div class=\"qodef-elements-holder-item-content qodef-elements-holder-custom-389729\" style=\"padding: 0 0 0 0\">\n\t\t\t\t\t\t[vc_single_image image=\u00bb6391&#8243; img_size=\u00bbfull\u00bb alignment=\u00bbcenter\u00bb onclick=\u00bbcustom_link\u00bb link=\u00bbhttps:\/\/open-eb.co\/index.php\/automatizacion-documento-de-transporte\/\u00bb]\t\t<\/div>\n\t<\/div>\n<\/div><\/div>[vc_empty_space][vc_column_text]<\/p>\n<h5>Automatizaci\u00f3n Documento De Transporte<\/h5>\n<p>[\/vc_column_text][vc_column_text]<span style=\"font-weight: 400;\">Servicio mediante el cual se extrae la informaci\u00f3n de los Documentos de Transporte que soportan un proceso de importaci\u00f3n, garantizando calidad en los datos, agilidad en el proceso, aplicaci\u00f3n de reglas de negocio y control al proceso y saldos del documento por nacionalizaciones parciales.<\/span>[\/vc_column_text][\/vc_column][\/vc_row][vc_row][vc_column][vc_video link=\u00bbhttps:\/\/youtu.be\/u3T1xjak1TM\u00bb el_width=\u00bb60&#8243; align=\u00bbcenter\u00bb][\/vc_column][\/vc_row][vc_row][vc_column][vc_empty_space][\/vc_column][\/vc_row]<\/p>\n","protected":false},"excerpt":{"rendered":"<p>[vc_row content_width=\u00bbgrid\u00bb content_aligment=\u00bbcenter\u00bb css=\u00bb.vc_custom_1445435073706{padding-top: 58px !important;padding-bottom: 67px !important;}\u00bb][vc_column][vc_column_text] Concentre sus esfuerzos en analizar el proceso y deje en manos de una&#8230;<\/p>\n","protected":false},"author":1,"featured_media":0,"parent":0,"menu_order":0,"comment_status":"closed","ping_status":"closed","template":"full-width.php","meta":[],"yoast_head":"<!-- This site is optimized with the Yoast SEO Premium plugin v15.2.1 - https:\/\/yoast.com\/wordpress\/plugins\/seo\/ -->\n<title>OPEN BPO<\/title>\n<meta name=\"description\" content=\"Concentre sus esfuerzos en analizar el proceso y deje en manos de una herramienta inteligente la digitaci\u00f3n de su informaci\u00f3n.\u00a0\" \/>\n<meta name=\"robots\" content=\"index, follow, max-snippet:-1, max-image-preview:large, max-video-preview:-1\" \/>\n<link rel=\"canonical\" href=\"https:\/\/open-eb.co\/index.php\/open-bpo\/\" \/>\n<meta property=\"og:locale\" content=\"es_ES\" \/>\n<meta property=\"og:type\" content=\"article\" \/>\n<meta property=\"og:title\" content=\"OPEN BPO\" \/>\n<meta property=\"og:description\" content=\"Concentre sus esfuerzos en analizar el proceso y deje en manos de una herramienta inteligente la digitaci\u00f3n de su informaci\u00f3n.\u00a0\" \/>\n<meta property=\"og:url\" content=\"https:\/\/open-eb.co\/index.php\/open-bpo\/\" \/>\n<meta property=\"og:site_name\" content=\"Opentecnolog\u00eda\" \/>\n<meta property=\"article:publisher\" content=\"https:\/\/www.facebook.com\/opentecoficial\" \/>\n<meta property=\"article:modified_time\" content=\"2021-05-18T03:06:35+00:00\" \/>\n<meta property=\"og:image\" content=\"https:\/\/open-eb.co\/wp-content\/uploads\/2021\/05\/op-bpo.jpg\" \/>\n\t<meta property=\"og:image:width\" content=\"1280\" \/>\n\t<meta property=\"og:image:height\" content=\"720\" \/>\n<meta name=\"twitter:card\" content=\"summary_large_image\" \/>\n<meta name=\"twitter:creator\" content=\"@OpenTecOficial\" \/>\n<meta name=\"twitter:site\" content=\"@OpenTecOficial\" \/>\n<meta name=\"twitter:label1\" content=\"Escrito por\">\n\t<meta name=\"twitter:data1\" content=\"admin\">\n\t<meta name=\"twitter:label2\" content=\"Tiempo de lectura\">\n\t<meta name=\"twitter:data2\" content=\"2 minutos\">\n<script type=\"application\/ld+json\" class=\"yoast-schema-graph\">{\"@context\":\"https:\/\/schema.org\",\"@graph\":[{\"@type\":\"Organization\",\"@id\":\"https:\/\/open-eb.co\/#organization\",\"name\":\"Open Tecnolog\\u00eda\",\"url\":\"https:\/\/open-eb.co\/\",\"sameAs\":[\"https:\/\/www.facebook.com\/opentecoficial\",\"https:\/\/www.instagram.com\/opentecnologia_\/\",\"https:\/\/www.youtube.com\/channel\/UCwMFj8DyKs5sK1qhzGS4sdA\",\"https:\/\/twitter.com\/OpenTecOficial\"],\"logo\":{\"@type\":\"ImageObject\",\"@id\":\"https:\/\/open-eb.co\/#logo\",\"inLanguage\":\"es\",\"url\":\"https:\/\/open-eb.co\/wp-content\/uploads\/2020\/09\/open.jpg\",\"width\":1280,\"height\":720,\"caption\":\"Open Tecnolog\\u00eda\"},\"image\":{\"@id\":\"https:\/\/open-eb.co\/#logo\"}},{\"@type\":\"WebSite\",\"@id\":\"https:\/\/open-eb.co\/#website\",\"url\":\"https:\/\/open-eb.co\/\",\"name\":\"Opentecnolog\\u00eda\",\"description\":\"Somos expertos en dise\\u00f1ar e implementar soluciones integrales y estructuradas de software sobre plataformas de \\u00faltima generaci\\u00f3n.\",\"publisher\":{\"@id\":\"https:\/\/open-eb.co\/#organization\"},\"potentialAction\":[{\"@type\":\"SearchAction\",\"target\":\"https:\/\/open-eb.co\/?s={search_term_string}\",\"query-input\":\"required name=search_term_string\"}],\"inLanguage\":\"es\"},{\"@type\":\"WebPage\",\"@id\":\"https:\/\/open-eb.co\/index.php\/open-bpo\/#webpage\",\"url\":\"https:\/\/open-eb.co\/index.php\/open-bpo\/\",\"name\":\"OPEN BPO\",\"isPartOf\":{\"@id\":\"https:\/\/open-eb.co\/#website\"},\"datePublished\":\"2020-08-10T15:56:47+00:00\",\"dateModified\":\"2021-05-18T03:06:35+00:00\",\"description\":\"Concentre sus esfuerzos en analizar el proceso y deje en manos de una herramienta inteligente la digitaci\\u00f3n de su informaci\\u00f3n.\\u00a0\",\"inLanguage\":\"es\",\"potentialAction\":[{\"@type\":\"ReadAction\",\"target\":[\"https:\/\/open-eb.co\/index.php\/open-bpo\/\"]}]}]}<\/script>\n<!-- \/ Yoast SEO Premium plugin. -->","_links":{"self":[{"href":"https:\/\/open-eb.co\/index.php\/wp-json\/wp\/v2\/pages\/6225"}],"collection":[{"href":"https:\/\/open-eb.co\/index.php\/wp-json\/wp\/v2\/pages"}],"about":[{"href":"https:\/\/open-eb.co\/index.php\/wp-json\/wp\/v2\/types\/page"}],"author":[{"embeddable":true,"href":"https:\/\/open-eb.co\/index.php\/wp-json\/wp\/v2\/users\/1"}],"replies":[{"embeddable":true,"href":"https:\/\/open-eb.co\/index.php\/wp-json\/wp\/v2\/comments?post=6225"}],"version-history":[{"count":2,"href":"https:\/\/open-eb.co\/index.php\/wp-json\/wp\/v2\/pages\/6225\/revisions"}],"predecessor-version":[{"id":6667,"href":"https:\/\/open-eb.co\/index.php\/wp-json\/wp\/v2\/pages\/6225\/revisions\/6667"}],"wp:attachment":[{"href":"https:\/\/open-eb.co\/index.php\/wp-json\/wp\/v2\/media?parent=6225"}],"curies":[{"name":"wp","href":"https:\/\/api.w.org\/{rel}","templated":true}]}}