{"id":6234,"date":"2020-08-10T18:05:59","date_gmt":"2020-08-10T18:05:59","guid":{"rendered":"https:\/\/open-eb.co\/?page_id=6234"},"modified":"2021-05-18T04:00:34","modified_gmt":"2021-05-18T04:00:34","slug":"open-smart","status":"publish","type":"page","link":"https:\/\/open-eb.co\/index.php\/open-smart\/","title":{"rendered":"openSMART"},"content":{"rendered":"<p>[vc_row content_width=\u00bbgrid\u00bb content_aligment=\u00bbcenter\u00bb css=\u00bb.vc_custom_1445435073706{padding-top: 58px !important;padding-bottom: 67px !important;}\u00bb][vc_column][vc_column_text]<\/p>\n<h3><span style=\"font-weight: normal;\">Gestione electr\u00f3nicamente sus documentos y asegure el intercambio de informaci\u00f3n con los SIES de la Autoridad Aduanera<br \/>\n<\/span><\/h3>\n<p>[\/vc_column_text][vc_empty_space height=\u00bb20px\u00bb][vc_column_text][\/vc_column_text][\/vc_column][\/vc_row][vc_row content_width=\u00bbgrid\u00bb content_aligment=\u00bbcenter\u00bb css=\u00bb.vc_custom_1446113498376{padding-bottom: 42px !important;}\u00bb][vc_column width=\u00bb1\/3&#8243;]<div class=\"qodef-elements-holder qodef-responsive-mode-768\" ><div class=\"qodef-elements-holder-item qodef-vertical-alignment-middle qodef-horizontal-alignment-left qodef-grow-in\" style=\"transition-delay:300ms;-webkit-transition-delay:300ms\">\n\t<div class=\"qodef-elements-holder-item-inner\">\n\t\t<div class=\"qodef-elements-holder-item-content qodef-elements-holder-custom-801764\" style=\"padding: 0 0 0 0\">\n\t\t\t\t\t\t[vc_single_image image=\u00bb6257&#8243; img_size=\u00bbfull\u00bb alignment=\u00bbcenter\u00bb onclick=\u00bbcustom_link\u00bb link=\u00bbhttps:\/\/open-eb.co\/index.php\/gestor-documental\/\u00bb]\t\t<\/div>\n\t<\/div>\n<\/div><\/div>[vc_empty_space][vc_column_text]<\/p>\n<h5>Gestor Documental<\/h5>\n<p>[\/vc_column_text][vc_column_text]<span style=\"font-weight: 400;\">Sistema de gesti\u00f3n de documentos digitales asociados a la operaci\u00f3n, permitiendo el almacenamiento, administraci\u00f3n y control de documentos de forma oportuna, precisa y segura.<\/span>[\/vc_column_text][vc_empty_space height=\u00bb16px\u00bb][\/vc_column][vc_column width=\u00bb1\/3&#8243;]<div class=\"qodef-elements-holder qodef-responsive-mode-768\" ><div class=\"qodef-elements-holder-item qodef-vertical-alignment-middle qodef-horizontal-alignment-left qodef-grow-in\" style=\"transition-delay:300ms;-webkit-transition-delay:300ms\">\n\t<div class=\"qodef-elements-holder-item-inner\">\n\t\t<div class=\"qodef-elements-holder-item-content qodef-elements-holder-custom-915027\" style=\"padding: 0 0 0 0\">\n\t\t\t\t\t\t[vc_single_image image=\u00bb6259&#8243; img_size=\u00bbfull\u00bb alignment=\u00bbcenter\u00bb onclick=\u00bbcustom_link\u00bb link=\u00bbhttps:\/\/open-eb.co\/index.php\/inspeccion-de-mercancias\u00bb]\t\t<\/div>\n\t<\/div>\n<\/div><\/div>[vc_empty_space][vc_column_text]<\/p>\n<h5>Inspecci\u00f3n de Mercanc\u00edas<\/h5>\n<p>[\/vc_column_text][vc_column_text]<span style=\"font-weight: 400;\">Modelo que le permite asistir su proceso de inspecci\u00f3n de mercanc\u00edas con tecnolog\u00eda m\u00f3vil para realizar la actividad desde cualquier lugar, sincronizando descriptores m\u00ednimos (Res. 057) y actividades de inspecci\u00f3n.<\/span>[\/vc_column_text][vc_empty_space height=\u00bb16px\u00bb][\/vc_column][vc_column width=\u00bb1\/3&#8243;]<div class=\"qodef-elements-holder qodef-responsive-mode-768\" ><div class=\"qodef-elements-holder-item qodef-vertical-alignment-middle qodef-horizontal-alignment-left qodef-grow-in\" style=\"transition-delay:300ms;-webkit-transition-delay:300ms\">\n\t<div class=\"qodef-elements-holder-item-inner\">\n\t\t<div class=\"qodef-elements-holder-item-content qodef-elements-holder-custom-103672\" style=\"padding: 0 0 0 0\">\n\t\t\t\t\t\t[vc_single_image image=\u00bb6260&#8243; img_size=\u00bbfull\u00bb alignment=\u00bbcenter\u00bb onclick=\u00bbcustom_link\u00bb link=\u00bbhttps:\/\/open-eb.co\/index.php\/robot-importaciones-y-exportaciones\/\u00bb]\t\t<\/div>\n\t<\/div>\n<\/div><\/div>[vc_empty_space][vc_column_text]<\/p>\n<h5>Robot Importaciones y Exportaciones<\/h5>\n<p>[\/vc_column_text][vc_column_text]<span style=\"font-weight: 400;\"> Servicio mediante el cual se agiliza la comunicaci\u00f3n o env\u00edo de datos de los tr\u00e1mites realizados (DIM &#8211; SAE) a los Servicios Inform\u00e1ticos de la Autoridad Aduanera (SIGLO XXI y MUISCA)<br \/>\n<\/span>[\/vc_column_text][vc_empty_space height=\u00bb16px\u00bb][\/vc_column][\/vc_row]<\/p>\n","protected":false},"excerpt":{"rendered":"<p>[vc_row content_width=\u00bbgrid\u00bb content_aligment=\u00bbcenter\u00bb css=\u00bb.vc_custom_1445435073706{padding-top: 58px !important;padding-bottom: 67px !important;}\u00bb][vc_column][vc_column_text] Gestione electr\u00f3nicamente sus documentos y asegure el intercambio de informaci\u00f3n con los SIES&#8230;<\/p>\n","protected":false},"author":1,"featured_media":0,"parent":0,"menu_order":0,"comment_status":"closed","ping_status":"closed","template":"full-width.php","meta":[],"yoast_head":"<!-- This site is optimized with the Yoast SEO Premium plugin v15.2.1 - https:\/\/yoast.com\/wordpress\/plugins\/seo\/ -->\n<title>OPEN SMART<\/title>\n<meta name=\"description\" content=\"Gestione electr\u00f3nicamente sus documentos y asegure el intercambio de informaci\u00f3n con los SIES de la Autoridad Aduanera.\" \/>\n<meta name=\"robots\" content=\"index, follow, max-snippet:-1, max-image-preview:large, max-video-preview:-1\" \/>\n<link rel=\"canonical\" href=\"https:\/\/open-eb.co\/index.php\/open-smart\/\" \/>\n<meta property=\"og:locale\" content=\"es_ES\" \/>\n<meta property=\"og:type\" content=\"article\" \/>\n<meta property=\"og:title\" content=\"OPEN SMART\" \/>\n<meta property=\"og:description\" content=\"Gestione electr\u00f3nicamente sus documentos y asegure el intercambio de informaci\u00f3n con los SIES de la Autoridad Aduanera.\" \/>\n<meta property=\"og:url\" content=\"https:\/\/open-eb.co\/index.php\/open-smart\/\" \/>\n<meta property=\"og:site_name\" content=\"Opentecnolog\u00eda\" \/>\n<meta property=\"article:publisher\" content=\"https:\/\/www.facebook.com\/opentecoficial\" \/>\n<meta property=\"article:modified_time\" content=\"2021-05-18T04:00:34+00:00\" \/>\n<meta property=\"og:image\" content=\"https:\/\/open-eb.co\/wp-content\/uploads\/2021\/05\/op-smart.jpg\" \/>\n\t<meta property=\"og:image:width\" content=\"1280\" \/>\n\t<meta property=\"og:image:height\" content=\"720\" \/>\n<meta name=\"twitter:card\" content=\"summary_large_image\" \/>\n<meta name=\"twitter:creator\" content=\"@OpenTecOficial\" \/>\n<meta name=\"twitter:site\" content=\"@OpenTecOficial\" \/>\n<meta name=\"twitter:label1\" content=\"Escrito por\">\n\t<meta name=\"twitter:data1\" content=\"admin\">\n\t<meta name=\"twitter:label2\" content=\"Tiempo de lectura\">\n\t<meta name=\"twitter:data2\" content=\"2 minutos\">\n<script type=\"application\/ld+json\" class=\"yoast-schema-graph\">{\"@context\":\"https:\/\/schema.org\",\"@graph\":[{\"@type\":\"Organization\",\"@id\":\"https:\/\/open-eb.co\/#organization\",\"name\":\"Open Tecnolog\\u00eda\",\"url\":\"https:\/\/open-eb.co\/\",\"sameAs\":[\"https:\/\/www.facebook.com\/opentecoficial\",\"https:\/\/www.instagram.com\/opentecnologia_\/\",\"https:\/\/www.youtube.com\/channel\/UCwMFj8DyKs5sK1qhzGS4sdA\",\"https:\/\/twitter.com\/OpenTecOficial\"],\"logo\":{\"@type\":\"ImageObject\",\"@id\":\"https:\/\/open-eb.co\/#logo\",\"inLanguage\":\"es\",\"url\":\"https:\/\/open-eb.co\/wp-content\/uploads\/2020\/09\/open.jpg\",\"width\":1280,\"height\":720,\"caption\":\"Open Tecnolog\\u00eda\"},\"image\":{\"@id\":\"https:\/\/open-eb.co\/#logo\"}},{\"@type\":\"WebSite\",\"@id\":\"https:\/\/open-eb.co\/#website\",\"url\":\"https:\/\/open-eb.co\/\",\"name\":\"Opentecnolog\\u00eda\",\"description\":\"Somos expertos en dise\\u00f1ar e implementar soluciones integrales y estructuradas de software sobre plataformas de \\u00faltima generaci\\u00f3n.\",\"publisher\":{\"@id\":\"https:\/\/open-eb.co\/#organization\"},\"potentialAction\":[{\"@type\":\"SearchAction\",\"target\":\"https:\/\/open-eb.co\/?s={search_term_string}\",\"query-input\":\"required name=search_term_string\"}],\"inLanguage\":\"es\"},{\"@type\":\"WebPage\",\"@id\":\"https:\/\/open-eb.co\/index.php\/open-smart\/#webpage\",\"url\":\"https:\/\/open-eb.co\/index.php\/open-smart\/\",\"name\":\"OPEN SMART\",\"isPartOf\":{\"@id\":\"https:\/\/open-eb.co\/#website\"},\"datePublished\":\"2020-08-10T18:05:59+00:00\",\"dateModified\":\"2021-05-18T04:00:34+00:00\",\"description\":\"Gestione electr\\u00f3nicamente sus documentos y asegure el intercambio de informaci\\u00f3n con los SIES de la Autoridad Aduanera.\",\"inLanguage\":\"es\",\"potentialAction\":[{\"@type\":\"ReadAction\",\"target\":[\"https:\/\/open-eb.co\/index.php\/open-smart\/\"]}]}]}<\/script>\n<!-- \/ Yoast SEO Premium plugin. -->","_links":{"self":[{"href":"https:\/\/open-eb.co\/index.php\/wp-json\/wp\/v2\/pages\/6234"}],"collection":[{"href":"https:\/\/open-eb.co\/index.php\/wp-json\/wp\/v2\/pages"}],"about":[{"href":"https:\/\/open-eb.co\/index.php\/wp-json\/wp\/v2\/types\/page"}],"author":[{"embeddable":true,"href":"https:\/\/open-eb.co\/index.php\/wp-json\/wp\/v2\/users\/1"}],"replies":[{"embeddable":true,"href":"https:\/\/open-eb.co\/index.php\/wp-json\/wp\/v2\/comments?post=6234"}],"version-history":[{"count":1,"href":"https:\/\/open-eb.co\/index.php\/wp-json\/wp\/v2\/pages\/6234\/revisions"}],"predecessor-version":[{"id":6828,"href":"https:\/\/open-eb.co\/index.php\/wp-json\/wp\/v2\/pages\/6234\/revisions\/6828"}],"wp:attachment":[{"href":"https:\/\/open-eb.co\/index.php\/wp-json\/wp\/v2\/media?parent=6234"}],"curies":[{"name":"wp","href":"https:\/\/api.w.org\/{rel}","templated":true}]}}