{"id":6262,"date":"2020-08-13T17:05:41","date_gmt":"2020-08-13T17:05:41","guid":{"rendered":"https:\/\/open-eb.co\/?page_id=6262"},"modified":"2021-05-18T01:31:00","modified_gmt":"2021-05-18T01:31:00","slug":"gestor-documental","status":"publish","type":"page","link":"https:\/\/open-eb.co\/index.php\/gestor-documental\/","title":{"rendered":"Gestor Documental"},"content":{"rendered":"<p>[vc_row content_width=\u00bbgrid\u00bb css=\u00bb.vc_custom_1445426375947{padding-top: 30px !important;padding-bottom: 30px !important;}\u00bb][vc_column width=\u00bb1\/3&#8243;]<div class=\"qodef-elements-holder qodef-responsive-mode-768\" ><div class=\"qodef-elements-holder-item qodef-vertical-alignment-middle qodef-horizontal-alignment-center\" >\n\t<div class=\"qodef-elements-holder-item-inner\">\n\t\t<div class=\"qodef-elements-holder-item-content qodef-elements-holder-custom-896603\" style=\"padding: 40px\">\n\t\t\t\t\t\t<style type=\"text\/css\" data-type=\"qodef-elements-custom-padding\">\n\t\t\t\t\t\t\t\t@media only screen and (min-width: 1280px) and (max-width: 1600px) {\n\t\t\t\t\t.qodef-elements-holder .qodef-elements-holder-item-content.qodef-elements-holder-custom-896603 {\n\t\t\t\t\t\tpadding:  !important;\n\t\t\t\t\t}\n\t\t\t\t}\n\t\t\t\t\t\t\t\t\t\t\t\t\t@media only screen and (min-width: 1024px) and (max-width: 1280px) {\n\t\t\t\t\t\t.qodef-elements-holder .qodef-elements-holder-item-content.qodef-elements-holder-custom-896603 {\n\t\t\t\t\t\t\tpadding:  !important;\n\t\t\t\t\t\t}\n\t\t\t\t\t}\n\t\t\t\t\t\t\t\t\t\t\t\t@media only screen and (min-width: 768px) and (max-width: 1024px) {\n\t\t\t\t\t.qodef-elements-holder .qodef-elements-holder-item-content.qodef-elements-holder-custom-896603 {\n\t\t\t\t\t\tpadding:  !important;\n\t\t\t\t\t}\n\t\t\t\t}\n\t\t\t\t\t\t\t\t\t\t\t\t@media only screen and (min-width: 600px) and (max-width: 768px) {\n\t\t\t\t\t.qodef-elements-holder .qodef-elements-holder-item-content.qodef-elements-holder-custom-896603 {\n\t\t\t\t\t\tpadding: 20px !important;\n\t\t\t\t\t}\n\t\t\t\t}\n\t\t\t\t\t\t\t\t\t\t\t\t@media only screen and (min-width: 480px) and (max-width: 600px) {\n\t\t\t\t\t.qodef-elements-holder .qodef-elements-holder-item-content.qodef-elements-holder-custom-896603 {\n\t\t\t\t\t\tpadding: 20px !important;\n\t\t\t\t\t}\n\t\t\t\t}\n\t\t\t\t\t\t\t\t\t\t\t\t@media only screen and (max-width: 480px) {\n\t\t\t\t\t.qodef-elements-holder .qodef-elements-holder-item-content.qodef-elements-holder-custom-896603 {\n\t\t\t\t\t\tpadding: 20px !important;\n\t\t\t\t\t}\n\t\t\t\t}\n\t\t\t\t\t\t\t\t<\/style>\n\t\t\t\t\t\t<div class=\"qodef-image-with-icon-holder\">\n    <div class=\"qodef-image-with-icon-holder-inner\">\n        <div class=\"qodef-image-with-icon-holder-icon-wrapper\">\n            \n    <span class=\"qodef-icon-shortcode circle \"  >\n        \n        <i class=\"qodef-icon-simple-line-icon icon-check qodef-icon-element\" style=\"\" ><\/i>\n            <\/span>\n\n        <\/div>\n        <div class=\"qodef-image-with-icon-holder-image-wrapper\">\n            <span class=\"qodef-image-holder\">\n\t                                <img src=\"https:\/\/open-eb.co\/wp-content\/uploads\/2020\/08\/gestion-doc-circ.jpg\" alt=\"Gesti\u00f3n Documental\"\/>\n\t                        <\/span>\n        <\/div>\n    <\/div>\n<\/div>\t\t<\/div>\n\t<\/div>\n<\/div><\/div>[\/vc_column][vc_column width=\u00bb2\/3&#8243;]<div class=\"qodef-elements-holder qodef-responsive-mode-768\" ><div class=\"qodef-elements-holder-item qodef-vertical-alignment-middle qodef-horizontal-alignment-left\" >\n\t<div class=\"qodef-elements-holder-item-inner\">\n\t\t<div class=\"qodef-elements-holder-item-content qodef-elements-holder-custom-599789\" style=\"padding: 90px 0px 60px 10px\">\n\t\t\t\t\t\t<style type=\"text\/css\" data-type=\"qodef-elements-custom-padding\">\n\t\t\t\t\t\t\t\t@media only screen and (min-width: 1280px) and (max-width: 1600px) {\n\t\t\t\t\t.qodef-elements-holder .qodef-elements-holder-item-content.qodef-elements-holder-custom-599789 {\n\t\t\t\t\t\tpadding:  !important;\n\t\t\t\t\t}\n\t\t\t\t}\n\t\t\t\t\t\t\t\t\t\t\t\t\t@media only screen and (min-width: 1024px) and (max-width: 1280px) {\n\t\t\t\t\t\t.qodef-elements-holder .qodef-elements-holder-item-content.qodef-elements-holder-custom-599789 {\n\t\t\t\t\t\t\tpadding:  !important;\n\t\t\t\t\t\t}\n\t\t\t\t\t}\n\t\t\t\t\t\t\t\t\t\t\t\t@media only screen and (min-width: 768px) and (max-width: 1024px) {\n\t\t\t\t\t.qodef-elements-holder .qodef-elements-holder-item-content.qodef-elements-holder-custom-599789 {\n\t\t\t\t\t\tpadding: 25px 0px 0px 0px !important;\n\t\t\t\t\t}\n\t\t\t\t}\n\t\t\t\t\t\t\t\t\t\t\t\t@media only screen and (min-width: 600px) and (max-width: 768px) {\n\t\t\t\t\t.qodef-elements-holder .qodef-elements-holder-item-content.qodef-elements-holder-custom-599789 {\n\t\t\t\t\t\tpadding: 15px 0px 15px 0px !important;\n\t\t\t\t\t}\n\t\t\t\t}\n\t\t\t\t\t\t\t\t\t\t\t\t@media only screen and (min-width: 480px) and (max-width: 600px) {\n\t\t\t\t\t.qodef-elements-holder .qodef-elements-holder-item-content.qodef-elements-holder-custom-599789 {\n\t\t\t\t\t\tpadding: 30px 10px 30px 10px !important;\n\t\t\t\t\t}\n\t\t\t\t}\n\t\t\t\t\t\t\t\t\t\t\t\t@media only screen and (max-width: 480px) {\n\t\t\t\t\t.qodef-elements-holder .qodef-elements-holder-item-content.qodef-elements-holder-custom-599789 {\n\t\t\t\t\t\tpadding: 30px 10px 30px 10px !important;\n\t\t\t\t\t}\n\t\t\t\t}\n\t\t\t\t\t\t\t\t<\/style>\n\t\t\t\t\t\t[vc_column_text][\/vc_column_text][vc_empty_space height=\u00bb20px\u00bb][vc_column_text]Este m\u00f3dulo le permite asociar y conservar la documentaci\u00f3n electr\u00f3nica de su operaci\u00f3n, aplicando reglas de negocio, alertando vencimientos y administrando im\u00e1genes.<br \/>\n[\/vc_column_text]\t\t<\/div>\n\t<\/div>\n<\/div><\/div>[\/vc_column][\/vc_row]<\/p>\n","protected":false},"excerpt":{"rendered":"<p>[vc_row content_width=\u00bbgrid\u00bb css=\u00bb.vc_custom_1445426375947{padding-top: 30px !important;padding-bottom: 30px !important;}\u00bb][vc_column width=\u00bb1\/3&#8243;][\/vc_column][vc_column width=\u00bb2\/3&#8243;][\/vc_column][\/vc_row]<\/p>\n","protected":false},"author":1,"featured_media":0,"parent":0,"menu_order":0,"comment_status":"closed","ping_status":"closed","template":"full-width.php","meta":[],"yoast_head":"<!-- This site is optimized with the Yoast SEO Premium plugin v15.2.1 - https:\/\/yoast.com\/wordpress\/plugins\/seo\/ -->\n<title>OPEN SMART - Gesti\u00f3n Documental<\/title>\n<meta name=\"description\" content=\"Este m\u00f3dulo le permite asociar y conservar la documentaci\u00f3n electr\u00f3nica de su operaci\u00f3n, aplicando reglas de negocio, alertando vencimientos y administrando im\u00e1genes.\" \/>\n<meta name=\"robots\" content=\"index, follow, max-snippet:-1, max-image-preview:large, max-video-preview:-1\" \/>\n<link rel=\"canonical\" href=\"https:\/\/open-eb.co\/index.php\/gestor-documental\/\" \/>\n<meta property=\"og:locale\" content=\"es_ES\" \/>\n<meta property=\"og:type\" content=\"article\" \/>\n<meta property=\"og:title\" content=\"Gesti\u00f3n Documental\" \/>\n<meta property=\"og:description\" content=\"Este m\u00f3dulo le permite asociar y conservar la documentaci\u00f3n electr\u00f3nica de su operaci\u00f3n, aplicando reglas de negocio, alertando vencimientos y administrando im\u00e1genes.\" \/>\n<meta property=\"og:url\" content=\"https:\/\/open-eb.co\/index.php\/gestor-documental\/\" \/>\n<meta property=\"og:site_name\" content=\"Opentecnolog\u00eda\" \/>\n<meta property=\"article:publisher\" content=\"https:\/\/www.facebook.com\/opentecoficial\" \/>\n<meta property=\"article:modified_time\" content=\"2021-05-18T01:31:00+00:00\" \/>\n<meta property=\"og:image\" content=\"https:\/\/open-eb.co\/wp-content\/uploads\/2021\/05\/op-smart.jpg\" \/>\n\t<meta property=\"og:image:width\" content=\"1280\" \/>\n\t<meta property=\"og:image:height\" content=\"720\" \/>\n<meta name=\"twitter:card\" content=\"summary_large_image\" \/>\n<meta name=\"twitter:title\" content=\"Gesti\u00f3n Documental\" \/>\n<meta name=\"twitter:description\" content=\"Este m\u00f3dulo le permite asociar y conservar la documentaci\u00f3n electr\u00f3nica de su operaci\u00f3n, aplicando reglas de negocio, alertando vencimientos y administrando im\u00e1genes.\" \/>\n<meta name=\"twitter:creator\" content=\"@OpenTecOficial\" \/>\n<meta name=\"twitter:site\" content=\"@OpenTecOficial\" \/>\n<meta name=\"twitter:label1\" content=\"Escrito por\">\n\t<meta name=\"twitter:data1\" content=\"admin\">\n\t<meta name=\"twitter:label2\" content=\"Tiempo de lectura\">\n\t<meta name=\"twitter:data2\" content=\"1 minuto\">\n<script type=\"application\/ld+json\" class=\"yoast-schema-graph\">{\"@context\":\"https:\/\/schema.org\",\"@graph\":[{\"@type\":\"Organization\",\"@id\":\"https:\/\/open-eb.co\/#organization\",\"name\":\"Open Tecnolog\\u00eda\",\"url\":\"https:\/\/open-eb.co\/\",\"sameAs\":[\"https:\/\/www.facebook.com\/opentecoficial\",\"https:\/\/www.instagram.com\/opentecnologia_\/\",\"https:\/\/www.youtube.com\/channel\/UCwMFj8DyKs5sK1qhzGS4sdA\",\"https:\/\/twitter.com\/OpenTecOficial\"],\"logo\":{\"@type\":\"ImageObject\",\"@id\":\"https:\/\/open-eb.co\/#logo\",\"inLanguage\":\"es\",\"url\":\"https:\/\/open-eb.co\/wp-content\/uploads\/2020\/09\/open.jpg\",\"width\":1280,\"height\":720,\"caption\":\"Open Tecnolog\\u00eda\"},\"image\":{\"@id\":\"https:\/\/open-eb.co\/#logo\"}},{\"@type\":\"WebSite\",\"@id\":\"https:\/\/open-eb.co\/#website\",\"url\":\"https:\/\/open-eb.co\/\",\"name\":\"Opentecnolog\\u00eda\",\"description\":\"Somos expertos en dise\\u00f1ar e implementar soluciones integrales y estructuradas de software sobre plataformas de \\u00faltima generaci\\u00f3n.\",\"publisher\":{\"@id\":\"https:\/\/open-eb.co\/#organization\"},\"potentialAction\":[{\"@type\":\"SearchAction\",\"target\":\"https:\/\/open-eb.co\/?s={search_term_string}\",\"query-input\":\"required name=search_term_string\"}],\"inLanguage\":\"es\"},{\"@type\":\"WebPage\",\"@id\":\"https:\/\/open-eb.co\/index.php\/gestor-documental\/#webpage\",\"url\":\"https:\/\/open-eb.co\/index.php\/gestor-documental\/\",\"name\":\"OPEN SMART - Gesti\\u00f3n Documental\",\"isPartOf\":{\"@id\":\"https:\/\/open-eb.co\/#website\"},\"datePublished\":\"2020-08-13T17:05:41+00:00\",\"dateModified\":\"2021-05-18T01:31:00+00:00\",\"description\":\"Este m\\u00f3dulo le permite asociar y conservar la documentaci\\u00f3n electr\\u00f3nica de su operaci\\u00f3n, aplicando reglas de negocio, alertando vencimientos y administrando im\\u00e1genes.\",\"inLanguage\":\"es\",\"potentialAction\":[{\"@type\":\"ReadAction\",\"target\":[\"https:\/\/open-eb.co\/index.php\/gestor-documental\/\"]}]}]}<\/script>\n<!-- \/ Yoast SEO Premium plugin. -->","_links":{"self":[{"href":"https:\/\/open-eb.co\/index.php\/wp-json\/wp\/v2\/pages\/6262"}],"collection":[{"href":"https:\/\/open-eb.co\/index.php\/wp-json\/wp\/v2\/pages"}],"about":[{"href":"https:\/\/open-eb.co\/index.php\/wp-json\/wp\/v2\/types\/page"}],"author":[{"embeddable":true,"href":"https:\/\/open-eb.co\/index.php\/wp-json\/wp\/v2\/users\/1"}],"replies":[{"embeddable":true,"href":"https:\/\/open-eb.co\/index.php\/wp-json\/wp\/v2\/comments?post=6262"}],"version-history":[{"count":1,"href":"https:\/\/open-eb.co\/index.php\/wp-json\/wp\/v2\/pages\/6262\/revisions"}],"predecessor-version":[{"id":6814,"href":"https:\/\/open-eb.co\/index.php\/wp-json\/wp\/v2\/pages\/6262\/revisions\/6814"}],"wp:attachment":[{"href":"https:\/\/open-eb.co\/index.php\/wp-json\/wp\/v2\/media?parent=6262"}],"curies":[{"name":"wp","href":"https:\/\/api.w.org\/{rel}","templated":true}]}}