{"id":6293,"date":"2020-08-14T04:04:20","date_gmt":"2020-08-14T04:04:20","guid":{"rendered":"https:\/\/open-eb.co\/?page_id=6293"},"modified":"2021-05-18T02:14:28","modified_gmt":"2021-05-18T02:14:28","slug":"modulo-recepcion","status":"publish","type":"page","link":"https:\/\/open-eb.co\/index.php\/modulo-recepcion\/","title":{"rendered":"Modulo Recepci\u00f3n"},"content":{"rendered":"<p>[vc_row][vc_column][vc_single_image image=\u00bb6294&#8243; img_size=\u00bbfull\u00bb][\/vc_column][\/vc_row]<\/p>\n","protected":false},"excerpt":{"rendered":"<p>[vc_row][vc_column][vc_single_image image=\u00bb6294&#8243; img_size=\u00bbfull\u00bb][\/vc_column][\/vc_row]<\/p>\n","protected":false},"author":1,"featured_media":0,"parent":0,"menu_order":0,"comment_status":"closed","ping_status":"closed","template":"full-width.php","meta":[],"yoast_head":"<!-- This site is optimized with the Yoast SEO Premium plugin v15.2.1 - https:\/\/yoast.com\/wordpress\/plugins\/seo\/ -->\n<title>OPEN ETL - M\u00f3dulo Recepci\u00f3n<\/title>\n<meta name=\"description\" content=\"Somos expertos en dise\u00f1ar e implementar soluciones integrales y estructuradas de software sobre plataformas de \u00faltima generaci\u00f3n.\" \/>\n<meta name=\"robots\" content=\"index, follow, max-snippet:-1, max-image-preview:large, max-video-preview:-1\" \/>\n<link rel=\"canonical\" href=\"https:\/\/open-eb.co\/index.php\/modulo-recepcion\/\" \/>\n<meta property=\"og:locale\" content=\"es_ES\" \/>\n<meta property=\"og:type\" content=\"article\" \/>\n<meta property=\"og:title\" content=\"Modulo Recepci\u00f3n\" \/>\n<meta property=\"og:description\" content=\"Somos expertos en dise\u00f1ar e implementar soluciones integrales y estructuradas de software sobre plataformas de \u00faltima generaci\u00f3n.\" \/>\n<meta property=\"og:url\" content=\"https:\/\/open-eb.co\/index.php\/modulo-recepcion\/\" \/>\n<meta property=\"og:site_name\" content=\"Opentecnolog\u00eda\" \/>\n<meta property=\"article:publisher\" content=\"https:\/\/www.facebook.com\/opentecoficial\" \/>\n<meta property=\"article:modified_time\" content=\"2021-05-18T02:14:28+00:00\" \/>\n<meta property=\"og:image\" content=\"https:\/\/open-eb.co\/wp-content\/uploads\/2021\/05\/op-etl.jpg\" \/>\n\t<meta property=\"og:image:width\" content=\"1280\" \/>\n\t<meta property=\"og:image:height\" content=\"720\" \/>\n<meta name=\"twitter:card\" content=\"summary_large_image\" \/>\n<meta name=\"twitter:title\" content=\"Modulo Recepci\u00f3n\" \/>\n<meta name=\"twitter:description\" content=\"Somos expertos en dise\u00f1ar e implementar soluciones integrales y estructuradas de software sobre plataformas de \u00faltima generaci\u00f3n.\" \/>\n<meta name=\"twitter:creator\" content=\"@OpenTecOficial\" \/>\n<meta name=\"twitter:site\" content=\"@OpenTecOficial\" \/>\n<meta name=\"twitter:label1\" content=\"Escrito por\">\n\t<meta name=\"twitter:data1\" content=\"admin\">\n\t<meta name=\"twitter:label2\" content=\"Tiempo de lectura\">\n\t<meta name=\"twitter:data2\" content=\"0 minutos\">\n<script type=\"application\/ld+json\" class=\"yoast-schema-graph\">{\"@context\":\"https:\/\/schema.org\",\"@graph\":[{\"@type\":\"Organization\",\"@id\":\"https:\/\/open-eb.co\/#organization\",\"name\":\"Open Tecnolog\\u00eda\",\"url\":\"https:\/\/open-eb.co\/\",\"sameAs\":[\"https:\/\/www.facebook.com\/opentecoficial\",\"https:\/\/www.instagram.com\/opentecnologia_\/\",\"https:\/\/www.youtube.com\/channel\/UCwMFj8DyKs5sK1qhzGS4sdA\",\"https:\/\/twitter.com\/OpenTecOficial\"],\"logo\":{\"@type\":\"ImageObject\",\"@id\":\"https:\/\/open-eb.co\/#logo\",\"inLanguage\":\"es\",\"url\":\"https:\/\/open-eb.co\/wp-content\/uploads\/2020\/09\/open.jpg\",\"width\":1280,\"height\":720,\"caption\":\"Open Tecnolog\\u00eda\"},\"image\":{\"@id\":\"https:\/\/open-eb.co\/#logo\"}},{\"@type\":\"WebSite\",\"@id\":\"https:\/\/open-eb.co\/#website\",\"url\":\"https:\/\/open-eb.co\/\",\"name\":\"Opentecnolog\\u00eda\",\"description\":\"Somos expertos en dise\\u00f1ar e implementar soluciones integrales y estructuradas de software sobre plataformas de \\u00faltima generaci\\u00f3n.\",\"publisher\":{\"@id\":\"https:\/\/open-eb.co\/#organization\"},\"potentialAction\":[{\"@type\":\"SearchAction\",\"target\":\"https:\/\/open-eb.co\/?s={search_term_string}\",\"query-input\":\"required name=search_term_string\"}],\"inLanguage\":\"es\"},{\"@type\":\"WebPage\",\"@id\":\"https:\/\/open-eb.co\/index.php\/modulo-recepcion\/#webpage\",\"url\":\"https:\/\/open-eb.co\/index.php\/modulo-recepcion\/\",\"name\":\"OPEN ETL - M\\u00f3dulo Recepci\\u00f3n\",\"isPartOf\":{\"@id\":\"https:\/\/open-eb.co\/#website\"},\"datePublished\":\"2020-08-14T04:04:20+00:00\",\"dateModified\":\"2021-05-18T02:14:28+00:00\",\"description\":\"Somos expertos en dise\\u00f1ar e implementar soluciones integrales y estructuradas de software sobre plataformas de \\u00faltima generaci\\u00f3n.\",\"inLanguage\":\"es\",\"potentialAction\":[{\"@type\":\"ReadAction\",\"target\":[\"https:\/\/open-eb.co\/index.php\/modulo-recepcion\/\"]}]}]}<\/script>\n<!-- \/ Yoast SEO Premium plugin. -->","_links":{"self":[{"href":"https:\/\/open-eb.co\/index.php\/wp-json\/wp\/v2\/pages\/6293"}],"collection":[{"href":"https:\/\/open-eb.co\/index.php\/wp-json\/wp\/v2\/pages"}],"about":[{"href":"https:\/\/open-eb.co\/index.php\/wp-json\/wp\/v2\/types\/page"}],"author":[{"embeddable":true,"href":"https:\/\/open-eb.co\/index.php\/wp-json\/wp\/v2\/users\/1"}],"replies":[{"embeddable":true,"href":"https:\/\/open-eb.co\/index.php\/wp-json\/wp\/v2\/comments?post=6293"}],"version-history":[{"count":1,"href":"https:\/\/open-eb.co\/index.php\/wp-json\/wp\/v2\/pages\/6293\/revisions"}],"predecessor-version":[{"id":6818,"href":"https:\/\/open-eb.co\/index.php\/wp-json\/wp\/v2\/pages\/6293\/revisions\/6818"}],"wp:attachment":[{"href":"https:\/\/open-eb.co\/index.php\/wp-json\/wp\/v2\/media?parent=6293"}],"curies":[{"name":"wp","href":"https:\/\/api.w.org\/{rel}","templated":true}]}}