{"id":6329,"date":"2020-08-15T03:42:05","date_gmt":"2020-08-15T03:42:05","guid":{"rendered":"https:\/\/open-eb.co\/?page_id=6329"},"modified":"2021-09-23T16:40:13","modified_gmt":"2021-09-23T16:40:13","slug":"nosotros","status":"publish","type":"page","link":"https:\/\/open-eb.co\/index.php\/nosotros\/","title":{"rendered":"Nosotros"},"content":{"rendered":"<p>[vc_row css=\u00bb.vc_custom_1598488658919{margin-top: 50px !important;margin-right: 100px !important;margin-bottom: 50px !important;margin-left: 100px !important;}\u00bb][vc_column width=\u00bb1\/3&#8243;]<div class=\"qodef-pie-chart-with-icon-holder\">\n\t<div class=\"qodef-percentage-with-icon\" data-percent=\"100\" data-bar-color=\"#037077\" data-bar-inactive-color=\"#bdf97c\">\n\t\t<i class=\"qodef-icon-font-awesome fa fa-check-circle \" style=\"color: #000000\" ><\/i>\t<\/div>\n\t<div class=\"qodef-pie-chart-text\" >\n\t\t<h3 class=\"qodef-pie-title\">\n\t\t\tM\u00e1s de 18 A\u00f1os\t\t<\/h3>\n\t\t<p>Con m\u00e1s de 18 a\u00f1os de experiencia en el mercado, especialistas en el sector Aduanero y Tributario.<\/p>\n\t<\/div>\n<\/div>[\/vc_column][vc_column width=\u00bb1\/3&#8243;]<div class=\"qodef-pie-chart-with-icon-holder\">\n\t<div class=\"qodef-percentage-with-icon\" data-percent=\"100\" data-bar-color=\"#628e01\" data-bar-inactive-color=\"#bdf97c\">\n\t\t<i class=\"qodef-icon-font-awesome fa fa-check-circle \" style=\"color: #000000\" ><\/i>\t<\/div>\n\t<div class=\"qodef-pie-chart-text\" >\n\t\t<h3 class=\"qodef-pie-title\">\n\t\t\tM\u00e1s de 250 Clientes\t\t<\/h3>\n\t\t<p>Con m\u00e1s de 250 Clientes de comercializaci\u00f3n diversa en distintas \u00e1reas de negocio.<\/p>\n\t<\/div>\n<\/div>[\/vc_column][vc_column width=\u00bb1\/3&#8243;]<div class=\"qodef-pie-chart-with-icon-holder\">\n\t<div class=\"qodef-percentage-with-icon\" data-percent=\"100\" data-bar-color=\"#ea7500\" data-bar-inactive-color=\"#f7b57b\">\n\t\t<i class=\"qodef-icon-font-awesome fa fa-check-circle \" style=\"color: #000000\" ><\/i>\t<\/div>\n\t<div class=\"qodef-pie-chart-text\" >\n\t\t<h3 class=\"qodef-pie-title\">\n\t\t\tM\u00e1s de 10.000 Usuarios\t\t<\/h3>\n\t\t<p>Con m\u00e1s de 10.000 usuarios operando en la plataforma de forma simult\u00e1nea y eficiente<\/p>\n\t<\/div>\n<\/div>[\/vc_column][\/vc_row][vc_row content_width=\u00bbgrid\u00bb css=\u00bb.vc_custom_1445426375947{padding-top: 30px !important;padding-bottom: 30px !important;}\u00bb][vc_column width=\u00bb1\/3&#8243;]<div class=\"qodef-elements-holder qodef-responsive-mode-768\" ><div class=\"qodef-elements-holder-item qodef-vertical-alignment-middle qodef-horizontal-alignment-center\" >\n\t<div class=\"qodef-elements-holder-item-inner\">\n\t\t<div class=\"qodef-elements-holder-item-content qodef-elements-holder-custom-825316\" style=\"padding: 40px\">\n\t\t\t\t\t\t<style type=\"text\/css\" data-type=\"qodef-elements-custom-padding\">\n\t\t\t\t\t\t\t\t@media only screen and (min-width: 1280px) and (max-width: 1600px) {\n\t\t\t\t\t.qodef-elements-holder .qodef-elements-holder-item-content.qodef-elements-holder-custom-825316 {\n\t\t\t\t\t\tpadding:  !important;\n\t\t\t\t\t}\n\t\t\t\t}\n\t\t\t\t\t\t\t\t\t\t\t\t\t@media only screen and (min-width: 1024px) and (max-width: 1280px) {\n\t\t\t\t\t\t.qodef-elements-holder .qodef-elements-holder-item-content.qodef-elements-holder-custom-825316 {\n\t\t\t\t\t\t\tpadding:  !important;\n\t\t\t\t\t\t}\n\t\t\t\t\t}\n\t\t\t\t\t\t\t\t\t\t\t\t@media only screen and (min-width: 768px) and (max-width: 1024px) {\n\t\t\t\t\t.qodef-elements-holder .qodef-elements-holder-item-content.qodef-elements-holder-custom-825316 {\n\t\t\t\t\t\tpadding:  !important;\n\t\t\t\t\t}\n\t\t\t\t}\n\t\t\t\t\t\t\t\t\t\t\t\t@media only screen and (min-width: 600px) and (max-width: 768px) {\n\t\t\t\t\t.qodef-elements-holder .qodef-elements-holder-item-content.qodef-elements-holder-custom-825316 {\n\t\t\t\t\t\tpadding: 20px !important;\n\t\t\t\t\t}\n\t\t\t\t}\n\t\t\t\t\t\t\t\t\t\t\t\t@media only screen and (min-width: 480px) and (max-width: 600px) {\n\t\t\t\t\t.qodef-elements-holder .qodef-elements-holder-item-content.qodef-elements-holder-custom-825316 {\n\t\t\t\t\t\tpadding: 20px !important;\n\t\t\t\t\t}\n\t\t\t\t}\n\t\t\t\t\t\t\t\t\t\t\t\t@media only screen and (max-width: 480px) {\n\t\t\t\t\t.qodef-elements-holder .qodef-elements-holder-item-content.qodef-elements-holder-custom-825316 {\n\t\t\t\t\t\tpadding: 20px !important;\n\t\t\t\t\t}\n\t\t\t\t}\n\t\t\t\t\t\t\t\t<\/style>\n\t\t\t\t\t\t<div class=\"qodef-image-with-icon-holder\">\n    <div class=\"qodef-image-with-icon-holder-inner\">\n        <div class=\"qodef-image-with-icon-holder-icon-wrapper\">\n            \n    <span class=\"qodef-icon-shortcode circle \"  >\n        \n        <i class=\"qodef-icon-simple-line-icon icon-check qodef-icon-element\" style=\"\" ><\/i>\n            <\/span>\n\n        <\/div>\n        <div class=\"qodef-image-with-icon-holder-image-wrapper\">\n            <span class=\"qodef-image-holder\">\n\t                                <img src=\"https:\/\/open-eb.co\/wp-content\/uploads\/2020\/08\/nosotros1.jpg\" alt=\"Nosotros\"\/>\n\t                        <\/span>\n        <\/div>\n    <\/div>\n<\/div>\t\t<\/div>\n\t<\/div>\n<\/div><\/div>[\/vc_column][vc_column width=\u00bb2\/3&#8243;]<div class=\"qodef-elements-holder qodef-responsive-mode-768\" ><div class=\"qodef-elements-holder-item qodef-vertical-alignment-middle qodef-horizontal-alignment-left\" >\n\t<div class=\"qodef-elements-holder-item-inner\">\n\t\t<div class=\"qodef-elements-holder-item-content qodef-elements-holder-custom-980139\" style=\"padding: 90px 0px 60px 10px\">\n\t\t\t\t\t\t<style type=\"text\/css\" data-type=\"qodef-elements-custom-padding\">\n\t\t\t\t\t\t\t\t@media only screen and (min-width: 1280px) and (max-width: 1600px) {\n\t\t\t\t\t.qodef-elements-holder .qodef-elements-holder-item-content.qodef-elements-holder-custom-980139 {\n\t\t\t\t\t\tpadding:  !important;\n\t\t\t\t\t}\n\t\t\t\t}\n\t\t\t\t\t\t\t\t\t\t\t\t\t@media only screen and (min-width: 1024px) and (max-width: 1280px) {\n\t\t\t\t\t\t.qodef-elements-holder .qodef-elements-holder-item-content.qodef-elements-holder-custom-980139 {\n\t\t\t\t\t\t\tpadding:  !important;\n\t\t\t\t\t\t}\n\t\t\t\t\t}\n\t\t\t\t\t\t\t\t\t\t\t\t@media only screen and (min-width: 768px) and (max-width: 1024px) {\n\t\t\t\t\t.qodef-elements-holder .qodef-elements-holder-item-content.qodef-elements-holder-custom-980139 {\n\t\t\t\t\t\tpadding: 25px 0px 0px 0px !important;\n\t\t\t\t\t}\n\t\t\t\t}\n\t\t\t\t\t\t\t\t\t\t\t\t@media only screen and (min-width: 600px) and (max-width: 768px) {\n\t\t\t\t\t.qodef-elements-holder .qodef-elements-holder-item-content.qodef-elements-holder-custom-980139 {\n\t\t\t\t\t\tpadding: 15px 0px 15px 0px !important;\n\t\t\t\t\t}\n\t\t\t\t}\n\t\t\t\t\t\t\t\t\t\t\t\t@media only screen and (min-width: 480px) and (max-width: 600px) {\n\t\t\t\t\t.qodef-elements-holder .qodef-elements-holder-item-content.qodef-elements-holder-custom-980139 {\n\t\t\t\t\t\tpadding: 30px 10px 30px 10px !important;\n\t\t\t\t\t}\n\t\t\t\t}\n\t\t\t\t\t\t\t\t\t\t\t\t@media only screen and (max-width: 480px) {\n\t\t\t\t\t.qodef-elements-holder .qodef-elements-holder-item-content.qodef-elements-holder-custom-980139 {\n\t\t\t\t\t\tpadding: 30px 10px 30px 10px !important;\n\t\t\t\t\t}\n\t\t\t\t}\n\t\t\t\t\t\t\t\t<\/style>\n\t\t\t\t\t\t[vc_column_text]<\/p>\n<h3>Acerca de Nosotros<\/h3>\n<p>[\/vc_column_text][vc_empty_space height=\u00bb20px\u00bb][vc_column_text]<\/p>\n<h5 style=\"padding: 0 0 20px 0;\">Somos una empresa Colombiana, con m\u00e1s de 18 a\u00f1os de experiencia en el mercado, creada con el fin de dise\u00f1ar e implementar soluciones integrales y estructuradas de software sobre plataformas de \u00faltima generaci\u00f3n.<\/h5>\n<p>Nuestros clientes certifican cumplimiento de est\u00e1ndares de calidad, servicio y desempe\u00f1o, adem\u00e1s, que somos especialistas en administraci\u00f3n de documentos electr\u00f3nicos e intercambio de informaci\u00f3n.<\/p>\n<p>Nuestra propuesta de servicio est\u00e1 orientada a lograr el incremento de su rentabilidad, a trav\u00e9s de una gama de herramientas ofrecidas en nuestros sistemas de informaci\u00f3n y portal de comercio electr\u00f3nico para la toma de decisiones, manejo seguro de la informaci\u00f3n y eficiencia en los diferentes procesos de la organizaci\u00f3n.[\/vc_column_text]\t\t<\/div>\n\t<\/div>\n<\/div><\/div>[\/vc_column][\/vc_row][vc_row content_width=\u00bbgrid\u00bb css=\u00bb.vc_custom_1445427426188{padding-top: 30px !important;padding-bottom: 30px !important;background-color: #f7f7f7 !important;}\u00bb][vc_column width=\u00bb2\/3&#8243;]<div class=\"qodef-elements-holder qodef-responsive-mode-768\" ><div class=\"qodef-elements-holder-item qodef-vertical-alignment-middle qodef-horizontal-alignment-left\" >\n\t<div class=\"qodef-elements-holder-item-inner\">\n\t\t<div class=\"qodef-elements-holder-item-content qodef-elements-holder-custom-238701\" style=\"padding: 90px 10px 60px 0px\">\n\t\t\t\t\t\t<style type=\"text\/css\" data-type=\"qodef-elements-custom-padding\">\n\t\t\t\t\t\t\t\t@media only screen and (min-width: 1280px) and (max-width: 1600px) {\n\t\t\t\t\t.qodef-elements-holder .qodef-elements-holder-item-content.qodef-elements-holder-custom-238701 {\n\t\t\t\t\t\tpadding:  !important;\n\t\t\t\t\t}\n\t\t\t\t}\n\t\t\t\t\t\t\t\t\t\t\t\t\t@media only screen and (min-width: 1024px) and (max-width: 1280px) {\n\t\t\t\t\t\t.qodef-elements-holder .qodef-elements-holder-item-content.qodef-elements-holder-custom-238701 {\n\t\t\t\t\t\t\tpadding:  !important;\n\t\t\t\t\t\t}\n\t\t\t\t\t}\n\t\t\t\t\t\t\t\t\t\t\t\t@media only screen and (min-width: 768px) and (max-width: 1024px) {\n\t\t\t\t\t.qodef-elements-holder .qodef-elements-holder-item-content.qodef-elements-holder-custom-238701 {\n\t\t\t\t\t\tpadding: 25px 0px 0px 0px !important;\n\t\t\t\t\t}\n\t\t\t\t}\n\t\t\t\t\t\t\t\t\t\t\t\t@media only screen and (min-width: 600px) and (max-width: 768px) {\n\t\t\t\t\t.qodef-elements-holder .qodef-elements-holder-item-content.qodef-elements-holder-custom-238701 {\n\t\t\t\t\t\tpadding: 15px 0px 15px 0px !important;\n\t\t\t\t\t}\n\t\t\t\t}\n\t\t\t\t\t\t\t\t\t\t\t\t@media only screen and (min-width: 480px) and (max-width: 600px) {\n\t\t\t\t\t.qodef-elements-holder .qodef-elements-holder-item-content.qodef-elements-holder-custom-238701 {\n\t\t\t\t\t\tpadding: 30px 10px 30px 10px !important;\n\t\t\t\t\t}\n\t\t\t\t}\n\t\t\t\t\t\t\t\t\t\t\t\t@media only screen and (max-width: 480px) {\n\t\t\t\t\t.qodef-elements-holder .qodef-elements-holder-item-content.qodef-elements-holder-custom-238701 {\n\t\t\t\t\t\tpadding: 30px 10px 30px 10px !important;\n\t\t\t\t\t}\n\t\t\t\t}\n\t\t\t\t\t\t\t\t<\/style>\n\t\t\t\t\t\t[vc_column_text]<\/p>\n<h3>Misi\u00f3n<\/h3>\n<p>[\/vc_column_text][vc_empty_space height=\u00bb20px\u00bb][vc_column_text]Satisfacer las necesidades inform\u00e1ticas de las organizaciones en el \u00e1mbito nacional e internacional con base en tecnolog\u00edas de \u00faltima generaci\u00f3n y con el m\u00e1s alto grado de seriedad, responsabilidad y profesionalismo asegurando disponibilidad, confidencialidad e integridad en la informaci\u00f3n; por eso integramos en nuestra misi\u00f3n las perspectivas de nuestros clientes, accionistas, de negocio, innovaci\u00f3n y aprendizaje apoyados en nuestros equipo de colaboradores.[\/vc_column_text]\t\t<\/div>\n\t<\/div>\n<\/div><\/div>[\/vc_column][vc_column width=\u00bb1\/3&#8243;]<div class=\"qodef-elements-holder qodef-responsive-mode-768\" ><div class=\"qodef-elements-holder-item qodef-vertical-alignment-middle qodef-horizontal-alignment-center\" >\n\t<div class=\"qodef-elements-holder-item-inner\">\n\t\t<div class=\"qodef-elements-holder-item-content qodef-elements-holder-custom-391662\" style=\"padding: 40px\">\n\t\t\t\t\t\t<style type=\"text\/css\" data-type=\"qodef-elements-custom-padding\">\n\t\t\t\t\t\t\t\t@media only screen and (min-width: 1280px) and (max-width: 1600px) {\n\t\t\t\t\t.qodef-elements-holder .qodef-elements-holder-item-content.qodef-elements-holder-custom-391662 {\n\t\t\t\t\t\tpadding:  !important;\n\t\t\t\t\t}\n\t\t\t\t}\n\t\t\t\t\t\t\t\t\t\t\t\t\t@media only screen and (min-width: 1024px) and (max-width: 1280px) {\n\t\t\t\t\t\t.qodef-elements-holder .qodef-elements-holder-item-content.qodef-elements-holder-custom-391662 {\n\t\t\t\t\t\t\tpadding:  !important;\n\t\t\t\t\t\t}\n\t\t\t\t\t}\n\t\t\t\t\t\t\t\t\t\t\t\t@media only screen and (min-width: 768px) and (max-width: 1024px) {\n\t\t\t\t\t.qodef-elements-holder .qodef-elements-holder-item-content.qodef-elements-holder-custom-391662 {\n\t\t\t\t\t\tpadding:  !important;\n\t\t\t\t\t}\n\t\t\t\t}\n\t\t\t\t\t\t\t\t\t\t\t\t@media only screen and (min-width: 600px) and (max-width: 768px) {\n\t\t\t\t\t.qodef-elements-holder .qodef-elements-holder-item-content.qodef-elements-holder-custom-391662 {\n\t\t\t\t\t\tpadding: 20px !important;\n\t\t\t\t\t}\n\t\t\t\t}\n\t\t\t\t\t\t\t\t\t\t\t\t@media only screen and (min-width: 480px) and (max-width: 600px) {\n\t\t\t\t\t.qodef-elements-holder .qodef-elements-holder-item-content.qodef-elements-holder-custom-391662 {\n\t\t\t\t\t\tpadding: 20px !important;\n\t\t\t\t\t}\n\t\t\t\t}\n\t\t\t\t\t\t\t\t\t\t\t\t@media only screen and (max-width: 480px) {\n\t\t\t\t\t.qodef-elements-holder .qodef-elements-holder-item-content.qodef-elements-holder-custom-391662 {\n\t\t\t\t\t\tpadding: 20px !important;\n\t\t\t\t\t}\n\t\t\t\t}\n\t\t\t\t\t\t\t\t<\/style>\n\t\t\t\t\t\t<div class=\"qodef-image-with-icon-holder\">\n    <div class=\"qodef-image-with-icon-holder-inner\">\n        <div class=\"qodef-image-with-icon-holder-icon-wrapper\">\n            \n    <span class=\"qodef-icon-shortcode circle \"  >\n        \n        <i class=\"qodef-icon-simple-line-icon icon-check qodef-icon-element\" style=\"\" ><\/i>\n            <\/span>\n\n        <\/div>\n        <div class=\"qodef-image-with-icon-holder-image-wrapper\">\n            <span class=\"qodef-image-holder\">\n\t                                <img src=\"https:\/\/open-eb.co\/wp-content\/uploads\/2020\/08\/modulo-prevalidador.jpg\" alt=\"M\u00f3dulo Prevalidador\"\/>\n\t                        <\/span>\n        <\/div>\n    <\/div>\n<\/div>\t\t<\/div>\n\t<\/div>\n<\/div><\/div>[\/vc_column][\/vc_row][vc_row content_width=\u00bbgrid\u00bb css=\u00bb.vc_custom_1445427537869{padding-top: 30px !important;padding-bottom: 30px !important;}\u00bb][vc_column width=\u00bb1\/3&#8243;]<div class=\"qodef-elements-holder qodef-responsive-mode-768\" ><div class=\"qodef-elements-holder-item qodef-vertical-alignment-middle qodef-horizontal-alignment-center\" >\n\t<div class=\"qodef-elements-holder-item-inner\">\n\t\t<div class=\"qodef-elements-holder-item-content qodef-elements-holder-custom-712897\" style=\"padding: 40px\">\n\t\t\t\t\t\t<style type=\"text\/css\" data-type=\"qodef-elements-custom-padding\">\n\t\t\t\t\t\t\t\t@media only screen and (min-width: 1280px) and (max-width: 1600px) {\n\t\t\t\t\t.qodef-elements-holder .qodef-elements-holder-item-content.qodef-elements-holder-custom-712897 {\n\t\t\t\t\t\tpadding:  !important;\n\t\t\t\t\t}\n\t\t\t\t}\n\t\t\t\t\t\t\t\t\t\t\t\t\t@media only screen and (min-width: 1024px) and (max-width: 1280px) {\n\t\t\t\t\t\t.qodef-elements-holder .qodef-elements-holder-item-content.qodef-elements-holder-custom-712897 {\n\t\t\t\t\t\t\tpadding:  !important;\n\t\t\t\t\t\t}\n\t\t\t\t\t}\n\t\t\t\t\t\t\t\t\t\t\t\t@media only screen and (min-width: 768px) and (max-width: 1024px) {\n\t\t\t\t\t.qodef-elements-holder .qodef-elements-holder-item-content.qodef-elements-holder-custom-712897 {\n\t\t\t\t\t\tpadding:  !important;\n\t\t\t\t\t}\n\t\t\t\t}\n\t\t\t\t\t\t\t\t\t\t\t\t@media only screen and (min-width: 600px) and (max-width: 768px) {\n\t\t\t\t\t.qodef-elements-holder .qodef-elements-holder-item-content.qodef-elements-holder-custom-712897 {\n\t\t\t\t\t\tpadding: 20px !important;\n\t\t\t\t\t}\n\t\t\t\t}\n\t\t\t\t\t\t\t\t\t\t\t\t@media only screen and (min-width: 480px) and (max-width: 600px) {\n\t\t\t\t\t.qodef-elements-holder .qodef-elements-holder-item-content.qodef-elements-holder-custom-712897 {\n\t\t\t\t\t\tpadding: 20px !important;\n\t\t\t\t\t}\n\t\t\t\t}\n\t\t\t\t\t\t\t\t\t\t\t\t@media only screen and (max-width: 480px) {\n\t\t\t\t\t.qodef-elements-holder .qodef-elements-holder-item-content.qodef-elements-holder-custom-712897 {\n\t\t\t\t\t\tpadding: 20px !important;\n\t\t\t\t\t}\n\t\t\t\t}\n\t\t\t\t\t\t\t\t<\/style>\n\t\t\t\t\t\t<div class=\"qodef-image-with-icon-holder\">\n    <div class=\"qodef-image-with-icon-holder-inner\">\n        <div class=\"qodef-image-with-icon-holder-icon-wrapper\">\n            \n    <span class=\"qodef-icon-shortcode circle \"  >\n        \n        <i class=\"qodef-icon-simple-line-icon icon-check qodef-icon-element\" style=\"\" ><\/i>\n            <\/span>\n\n        <\/div>\n        <div class=\"qodef-image-with-icon-holder-image-wrapper\">\n            <span class=\"qodef-image-holder\">\n\t                                <img src=\"https:\/\/open-eb.co\/wp-content\/uploads\/2020\/08\/modulo-workflow.jpg\" alt=\"M\u00f3dulo Workflow\"\/>\n\t                        <\/span>\n        <\/div>\n    <\/div>\n<\/div>\t\t<\/div>\n\t<\/div>\n<\/div><\/div>[\/vc_column][vc_column width=\u00bb2\/3&#8243;]<div class=\"qodef-elements-holder qodef-responsive-mode-768\" ><div class=\"qodef-elements-holder-item qodef-vertical-alignment-middle qodef-horizontal-alignment-left\" >\n\t<div class=\"qodef-elements-holder-item-inner\">\n\t\t<div class=\"qodef-elements-holder-item-content qodef-elements-holder-custom-619609\" style=\"padding: 90px 0px 60px 10px\">\n\t\t\t\t\t\t<style type=\"text\/css\" data-type=\"qodef-elements-custom-padding\">\n\t\t\t\t\t\t\t\t@media only screen and (min-width: 1280px) and (max-width: 1600px) {\n\t\t\t\t\t.qodef-elements-holder .qodef-elements-holder-item-content.qodef-elements-holder-custom-619609 {\n\t\t\t\t\t\tpadding:  !important;\n\t\t\t\t\t}\n\t\t\t\t}\n\t\t\t\t\t\t\t\t\t\t\t\t\t@media only screen and (min-width: 1024px) and (max-width: 1280px) {\n\t\t\t\t\t\t.qodef-elements-holder .qodef-elements-holder-item-content.qodef-elements-holder-custom-619609 {\n\t\t\t\t\t\t\tpadding:  !important;\n\t\t\t\t\t\t}\n\t\t\t\t\t}\n\t\t\t\t\t\t\t\t\t\t\t\t@media only screen and (min-width: 768px) and (max-width: 1024px) {\n\t\t\t\t\t.qodef-elements-holder .qodef-elements-holder-item-content.qodef-elements-holder-custom-619609 {\n\t\t\t\t\t\tpadding: 25px 0px 0px 0px !important;\n\t\t\t\t\t}\n\t\t\t\t}\n\t\t\t\t\t\t\t\t\t\t\t\t@media only screen and (min-width: 600px) and (max-width: 768px) {\n\t\t\t\t\t.qodef-elements-holder .qodef-elements-holder-item-content.qodef-elements-holder-custom-619609 {\n\t\t\t\t\t\tpadding: 15px 0px 15px 0px !important;\n\t\t\t\t\t}\n\t\t\t\t}\n\t\t\t\t\t\t\t\t\t\t\t\t@media only screen and (min-width: 480px) and (max-width: 600px) {\n\t\t\t\t\t.qodef-elements-holder .qodef-elements-holder-item-content.qodef-elements-holder-custom-619609 {\n\t\t\t\t\t\tpadding: 30px 10px 30px 10px !important;\n\t\t\t\t\t}\n\t\t\t\t}\n\t\t\t\t\t\t\t\t\t\t\t\t@media only screen and (max-width: 480px) {\n\t\t\t\t\t.qodef-elements-holder .qodef-elements-holder-item-content.qodef-elements-holder-custom-619609 {\n\t\t\t\t\t\tpadding: 30px 10px 30px 10px !important;\n\t\t\t\t\t}\n\t\t\t\t}\n\t\t\t\t\t\t\t\t<\/style>\n\t\t\t\t\t\t[vc_column_text]<\/p>\n<h3>Visi\u00f3n<\/h3>\n<p>[\/vc_column_text][vc_empty_space height=\u00bb20px\u00bb][vc_column_text]openTecnolog\u00eda S.A. continuar\u00e1 consolid\u00e1ndose como una empresa l\u00edder en la provisi\u00f3n de soluciones integrales y estructuradas de software y de servicios, que apoyen los procesos de todos los actores del sector empresarial de su inter\u00e9s, buscando como beneficios para nuestros clientes la reducci\u00f3n de costos operativos y la mejora en tiempos de respuesta.[\/vc_column_text]\t\t<\/div>\n\t<\/div>\n<\/div><\/div>[\/vc_column][\/vc_row][vc_row][vc_column][vc_single_image image=\u00bb6698&#8243; img_size=\u00bblarge\u00bb alignment=\u00bbcenter\u00bb][\/vc_column][\/vc_row][vc_row][vc_column][vc_empty_space][\/vc_column][\/vc_row]<\/p>\n","protected":false},"excerpt":{"rendered":"<p>[vc_row css=\u00bb.vc_custom_1598488658919{margin-top: 50px !important;margin-right: 100px !important;margin-bottom: 50px !important;margin-left: 100px !important;}\u00bb][vc_column width=\u00bb1\/3&#8243;][\/vc_column][vc_column width=\u00bb1\/3&#8243;][\/vc_column][vc_column width=\u00bb1\/3&#8243;][\/vc_column][\/vc_row][vc_row content_width=\u00bbgrid\u00bb css=\u00bb.vc_custom_1445426375947{padding-top: 30px !important;padding-bottom: 30px !important;}\u00bb][vc_column width=\u00bb1\/3&#8243;][\/vc_column][vc_column width=\u00bb2\/3&#8243;][\/vc_column][\/vc_row][vc_row&#8230;<\/p>\n","protected":false},"author":1,"featured_media":0,"parent":0,"menu_order":0,"comment_status":"closed","ping_status":"closed","template":"full-width.php","meta":[],"yoast_head":"<!-- This site is optimized with the Yoast SEO Premium plugin v15.2.1 - https:\/\/yoast.com\/wordpress\/plugins\/seo\/ -->\n<title>OPEN TECNOLOG\u00cdA - Nosotros<\/title>\n<meta name=\"description\" content=\"Somos expertos en dise\u00f1ar e implementar soluciones integrales y estructuradas de software sobre plataformas de \u00faltima generaci\u00f3n.\" \/>\n<meta name=\"robots\" content=\"index, follow, max-snippet:-1, max-image-preview:large, max-video-preview:-1\" \/>\n<link rel=\"canonical\" href=\"https:\/\/open-eb.co\/index.php\/nosotros\/\" \/>\n<meta property=\"og:locale\" content=\"es_ES\" \/>\n<meta property=\"og:type\" content=\"article\" \/>\n<meta property=\"og:title\" content=\"Nosotros\" \/>\n<meta property=\"og:description\" content=\"Somos expertos en dise\u00f1ar e implementar soluciones integrales y estructuradas de software sobre plataformas de \u00faltima generaci\u00f3n.\" \/>\n<meta property=\"og:url\" content=\"https:\/\/open-eb.co\/index.php\/nosotros\/\" \/>\n<meta property=\"og:site_name\" content=\"Opentecnolog\u00eda\" \/>\n<meta property=\"article:publisher\" content=\"https:\/\/www.facebook.com\/opentecoficial\" \/>\n<meta property=\"article:modified_time\" content=\"2021-09-23T16:40:13+00:00\" \/>\n<meta property=\"og:image\" content=\"https:\/\/open-eb.co\/wp-content\/uploads\/2020\/09\/open.jpg\" \/>\n\t<meta property=\"og:image:width\" content=\"1280\" \/>\n\t<meta property=\"og:image:height\" content=\"720\" \/>\n<meta name=\"twitter:card\" content=\"summary_large_image\" \/>\n<meta name=\"twitter:title\" content=\"Nosotros\" \/>\n<meta name=\"twitter:description\" content=\"Somos expertos en dise\u00f1ar e implementar soluciones integrales y estructuradas de software sobre plataformas de \u00faltima generaci\u00f3n.\" \/>\n<meta name=\"twitter:creator\" content=\"@OpenTecOficial\" \/>\n<meta name=\"twitter:site\" content=\"@OpenTecOficial\" \/>\n<meta name=\"twitter:label1\" content=\"Escrito por\">\n\t<meta name=\"twitter:data1\" content=\"admin\">\n\t<meta name=\"twitter:label2\" content=\"Tiempo de lectura\">\n\t<meta name=\"twitter:data2\" content=\"4 minutos\">\n<script type=\"application\/ld+json\" class=\"yoast-schema-graph\">{\"@context\":\"https:\/\/schema.org\",\"@graph\":[{\"@type\":\"Organization\",\"@id\":\"https:\/\/open-eb.co\/#organization\",\"name\":\"Open Tecnolog\\u00eda\",\"url\":\"https:\/\/open-eb.co\/\",\"sameAs\":[\"https:\/\/www.facebook.com\/opentecoficial\",\"https:\/\/www.instagram.com\/opentecnologia_\/\",\"https:\/\/www.youtube.com\/channel\/UCwMFj8DyKs5sK1qhzGS4sdA\",\"https:\/\/twitter.com\/OpenTecOficial\"],\"logo\":{\"@type\":\"ImageObject\",\"@id\":\"https:\/\/open-eb.co\/#logo\",\"inLanguage\":\"es\",\"url\":\"https:\/\/open-eb.co\/wp-content\/uploads\/2020\/09\/open.jpg\",\"width\":1280,\"height\":720,\"caption\":\"Open Tecnolog\\u00eda\"},\"image\":{\"@id\":\"https:\/\/open-eb.co\/#logo\"}},{\"@type\":\"WebSite\",\"@id\":\"https:\/\/open-eb.co\/#website\",\"url\":\"https:\/\/open-eb.co\/\",\"name\":\"Opentecnolog\\u00eda\",\"description\":\"Somos expertos en dise\\u00f1ar e implementar soluciones integrales y estructuradas de software sobre plataformas de \\u00faltima generaci\\u00f3n.\",\"publisher\":{\"@id\":\"https:\/\/open-eb.co\/#organization\"},\"potentialAction\":[{\"@type\":\"SearchAction\",\"target\":\"https:\/\/open-eb.co\/?s={search_term_string}\",\"query-input\":\"required name=search_term_string\"}],\"inLanguage\":\"es\"},{\"@type\":\"WebPage\",\"@id\":\"https:\/\/open-eb.co\/index.php\/nosotros\/#webpage\",\"url\":\"https:\/\/open-eb.co\/index.php\/nosotros\/\",\"name\":\"OPEN TECNOLOG\\u00cdA - Nosotros\",\"isPartOf\":{\"@id\":\"https:\/\/open-eb.co\/#website\"},\"datePublished\":\"2020-08-15T03:42:05+00:00\",\"dateModified\":\"2021-09-23T16:40:13+00:00\",\"description\":\"Somos expertos en dise\\u00f1ar e implementar soluciones integrales y estructuradas de software sobre plataformas de \\u00faltima generaci\\u00f3n.\",\"inLanguage\":\"es\",\"potentialAction\":[{\"@type\":\"ReadAction\",\"target\":[\"https:\/\/open-eb.co\/index.php\/nosotros\/\"]}]}]}<\/script>\n<!-- \/ Yoast SEO Premium plugin. -->","_links":{"self":[{"href":"https:\/\/open-eb.co\/index.php\/wp-json\/wp\/v2\/pages\/6329"}],"collection":[{"href":"https:\/\/open-eb.co\/index.php\/wp-json\/wp\/v2\/pages"}],"about":[{"href":"https:\/\/open-eb.co\/index.php\/wp-json\/wp\/v2\/types\/page"}],"author":[{"embeddable":true,"href":"https:\/\/open-eb.co\/index.php\/wp-json\/wp\/v2\/users\/1"}],"replies":[{"embeddable":true,"href":"https:\/\/open-eb.co\/index.php\/wp-json\/wp\/v2\/comments?post=6329"}],"version-history":[{"count":6,"href":"https:\/\/open-eb.co\/index.php\/wp-json\/wp\/v2\/pages\/6329\/revisions"}],"predecessor-version":[{"id":6905,"href":"https:\/\/open-eb.co\/index.php\/wp-json\/wp\/v2\/pages\/6329\/revisions\/6905"}],"wp:attachment":[{"href":"https:\/\/open-eb.co\/index.php\/wp-json\/wp\/v2\/media?parent=6329"}],"curies":[{"name":"wp","href":"https:\/\/api.w.org\/{rel}","templated":true}]}}